{"id":285,"date":"2022-05-03T00:16:44","date_gmt":"2022-05-02T22:16:44","guid":{"rendered":"https:\/\/ag-bb-wfbm.de\/?page_id=285"},"modified":"2022-05-18T14:43:15","modified_gmt":"2022-05-18T12:43:15","slug":"methodik","status":"publish","type":"page","link":"https:\/\/ag-bb-wfbm.de\/?page_id=285","title":{"rendered":"METHODIK"},"content":{"rendered":"<div id=\"pl-285\"  class=\"panel-layout\" ><div id=\"pg-285-0\"  class=\"panel-grid panel-no-style\" ><div id=\"pgc-285-0-0\"  class=\"panel-grid-cell\" ><div id=\"panel-285-0-0-0\" class=\"so-panel widget widget_sow-headline panel-first-child panel-last-child\" data-index=\"0\" ><div\n\t\t\t\n\t\t\tclass=\"so-widget-sow-headline so-widget-sow-headline-default-1ba5b2aa3112-285\"\n\t\t\t\n\t\t><div class=\"sow-headline-container \">\n\t\t\t\t\t\t\t<h2 class=\"sow-headline\">\n\t\t\t\t\t\tLernen in der Arbeit (LINDA) \u2013 Methode nach Beyer\t\t\t\t\t\t<\/h2>\n\t\t\t\t\t\t\t\t\t\t\t<div class=\"decoration\">\n\t\t\t\t\t\t<div class=\"decoration-inside\"><\/div>\n\t\t\t\t\t<\/div>\n\t\t\t\t\t<\/div>\n<\/div><\/div><\/div><\/div><div id=\"pg-285-1\"  class=\"panel-grid panel-no-style\" ><div id=\"pgc-285-1-0\"  class=\"panel-grid-cell\" ><div id=\"panel-285-1-0-0\" class=\"so-panel widget widget_sow-image panel-first-child panel-last-child\" data-index=\"1\" ><div\n\t\t\t\n\t\t\tclass=\"so-widget-sow-image so-widget-sow-image-default-8b5b6f678277-285\"\n\t\t\t\n\t\t>\n<div class=\"sow-image-container\">\n\t\t<img \n\tsrc=\"https:\/\/ag-bb-wfbm.de\/wp-content\/uploads\/2022\/05\/kids-1093758-960x640-1-768x512.jpg\" width=\"768\" height=\"512\" srcset=\"https:\/\/ag-bb-wfbm.de\/wp-content\/uploads\/2022\/05\/kids-1093758-960x640-1-768x512.jpg 768w, https:\/\/ag-bb-wfbm.de\/wp-content\/uploads\/2022\/05\/kids-1093758-960x640-1-600x400.jpg 600w, https:\/\/ag-bb-wfbm.de\/wp-content\/uploads\/2022\/05\/kids-1093758-960x640-1-300x200.jpg 300w, https:\/\/ag-bb-wfbm.de\/wp-content\/uploads\/2022\/05\/kids-1093758-960x640-1-930x620.jpg 930w, https:\/\/ag-bb-wfbm.de\/wp-content\/uploads\/2022\/05\/kids-1093758-960x640-1.jpg 960w\" sizes=\"(max-width: 768px) 100vw, 768px\" title=\"kids-1093758-960&#215;640\" alt=\"\" \t\tclass=\"so-widget-image\"\/>\n\t<\/div>\n\n<\/div><\/div><\/div><div id=\"pgc-285-1-1\"  class=\"panel-grid-cell\" ><div id=\"panel-285-1-1-0\" class=\"so-panel widget widget_sow-editor panel-first-child panel-last-child\" data-index=\"2\" ><div\n\t\t\t\n\t\t\tclass=\"so-widget-sow-editor so-widget-sow-editor-base\"\n\t\t\t\n\t\t>\n<div class=\"siteorigin-widget-tinymce textwidget\">\n\t<p>Lernen in der Arbeit ist eine Methode, die konsequent das Lernen in den Arbeitsprozessen in den Mittelpunkt stellt und nicht das Lernen, welches au\u00dferhalb der Arbeit auf das Arbeiten vorbereitet. Die Methode geht \u00fcber die Handlungsorientierung hinaus und weist auf Lernen in der Zukunft hin. Die Methode sieht vor, dass den Zubildenden Arbeitsaufgaben \u00fcbertragen werden, f\u00fcr die sie nur teilweise qualiffziert sind.<\/p>\n<p>Die auftretenden Qualifikationsl\u00fccken k\u00f6nnen die Zubildenden durch die Nutzung eines vollst\u00e4ndigen Qualifizierungsangebotes spontan durch Lernen im Arbeitsprozess ausf\u00fcllen. Diese Methode eignet sich auch f\u00fcr die Unterst\u00fctzung von anderen Arbeitsformen, in denen sich die Fachkr\u00e4fte alleine mit vielf\u00e4ltigen und neuen Arbeiten befassen m\u00fcssen. Voraussetzung f\u00fcr diese Methode ist die Bereitstellung einer umfangreichen Wissensbasis am Arbeitsplatz durch das Intranet, das Internet, durch Datentr\u00e4ger wie CD, DVD oder \u2013 nur mit gro\u00dfen&nbsp; Einschr\u00e4nkungen realisierbar \u2013 durch herk\u00f6mmliche Medien.<\/p>\n<\/div>\n<\/div><\/div><\/div><\/div><div id=\"pg-285-2\"  class=\"panel-grid panel-no-style\" ><div id=\"pgc-285-2-0\"  class=\"panel-grid-cell\" ><div id=\"panel-285-2-0-0\" class=\"so-panel widget widget_sow-editor panel-first-child panel-last-child\" data-index=\"3\" ><div\n\t\t\t\n\t\t\tclass=\"so-widget-sow-editor so-widget-sow-editor-base\"\n\t\t\t\n\t\t>\n<div class=\"siteorigin-widget-tinymce textwidget\">\n\t<p>Unsere Bildungsbausteine erg\u00e4nzen sich mit dem Konzept LINDA hervorragend .<\/p>\n<p>Die Folien mit den einzelnen Arbeitsschritten k\u00f6nnen je nach Auspr\u00e4gungsgrad des Teilnehmers angepasst, Arbeitsschritte k\u00f6nnen zusammengelegt oder auseinander gezogen oder g\u00e4nzlich getrennt vermittelt, werden.<\/p>\n<p>Durch die Bildungsbausteine ist es der Fachkraft m\u00f6glich den Teilnehmer binnendifferenziert, also seinen Kompetenzen entsprechend, zielgerichtet beim Wissenstransfer zu unterst\u00fctzen.<\/p>\n<\/div>\n<\/div><\/div><\/div><div id=\"pgc-285-2-1\"  class=\"panel-grid-cell\" ><div id=\"panel-285-2-1-0\" class=\"so-panel widget widget_sow-image panel-first-child panel-last-child\" data-index=\"4\" ><div\n\t\t\t\n\t\t\tclass=\"so-widget-sow-image so-widget-sow-image-default-8b5b6f678277-285\"\n\t\t\t\n\t\t>\n<div class=\"sow-image-container\">\n\t\t<img \n\tsrc=\"https:\/\/ag-bb-wfbm.de\/wp-content\/uploads\/2022\/05\/cropped-students-99506_1920-768x768.jpg\" width=\"768\" height=\"768\" srcset=\"https:\/\/ag-bb-wfbm.de\/wp-content\/uploads\/2022\/05\/cropped-students-99506_1920-768x768.jpg 768w, https:\/\/ag-bb-wfbm.de\/wp-content\/uploads\/2022\/05\/cropped-students-99506_1920-300x300.jpg 300w, https:\/\/ag-bb-wfbm.de\/wp-content\/uploads\/2022\/05\/cropped-students-99506_1920-100x100.jpg 100w, https:\/\/ag-bb-wfbm.de\/wp-content\/uploads\/2022\/05\/cropped-students-99506_1920-600x600.jpg 600w, https:\/\/ag-bb-wfbm.de\/wp-content\/uploads\/2022\/05\/cropped-students-99506_1920-1024x1024.jpg 1024w, https:\/\/ag-bb-wfbm.de\/wp-content\/uploads\/2022\/05\/cropped-students-99506_1920-150x150.jpg 150w, https:\/\/ag-bb-wfbm.de\/wp-content\/uploads\/2022\/05\/cropped-students-99506_1920.jpg 1280w\" sizes=\"(max-width: 768px) 100vw, 768px\" alt=\"\" \t\tclass=\"so-widget-image\"\/>\n\t<\/div>\n\n<\/div><\/div><\/div><\/div><div id=\"pg-285-3\"  class=\"panel-grid panel-no-style\" ><div id=\"pgc-285-3-0\"  class=\"panel-grid-cell\" ><div id=\"panel-285-3-0-0\" class=\"so-panel widget widget_sow-headline panel-first-child panel-last-child\" data-index=\"5\" ><div\n\t\t\t\n\t\t\tclass=\"so-widget-sow-headline so-widget-sow-headline-default-1ba5b2aa3112-285\"\n\t\t\t\n\t\t><div class=\"sow-headline-container \">\n\t\t\t\t\t\t\t<h2 class=\"sow-headline\">\n\t\t\t\t\t\tDie Operationalisierung der Merkmale\t\t\t\t\t\t<\/h2>\n\t\t\t\t\t\t\t\t\t\t\t<div class=\"decoration\">\n\t\t\t\t\t\t<div class=\"decoration-inside\"><\/div>\n\t\t\t\t\t<\/div>\n\t\t\t\t\t<\/div>\n<\/div><\/div><\/div><\/div><div id=\"pg-285-4\"  class=\"panel-grid panel-no-style\" ><div id=\"pgc-285-4-0\"  class=\"panel-grid-cell\" ><div id=\"panel-285-4-0-0\" class=\"so-panel widget widget_sow-headline panel-first-child\" data-index=\"6\" ><div\n\t\t\t\n\t\t\tclass=\"so-widget-sow-headline so-widget-sow-headline-default-ad713f3089ea-285\"\n\t\t\t\n\t\t><div class=\"sow-headline-container \">\n\t\t\t\t\t\t\t<h4 class=\"sow-headline\">\n\t\t\t\t\t\tKompetenzen\t\t\t\t\t\t<\/h4>\n\t\t\t\t\t\t\t\t\t\t\t<div class=\"decoration\">\n\t\t\t\t\t\t<div class=\"decoration-inside\"><\/div>\n\t\t\t\t\t<\/div>\n\t\t\t\t\t<\/div>\n<\/div><\/div><div id=\"panel-285-4-0-1\" class=\"so-panel widget widget_sow-editor\" data-index=\"7\" ><div\n\t\t\t\n\t\t\tclass=\"so-widget-sow-editor so-widget-sow-editor-base\"\n\t\t\t\n\t\t>\n<div class=\"siteorigin-widget-tinymce textwidget\">\n\t<p>Die Kompetenzen der Teilnehmer werden in mehreren Bereichen abgebildet.<\/p>\n<p>Diese Darstellung dient der Identifizierung der Kompetenzen, sowie der entsprechenden Ableitung von weiteren F\u00f6rderzielen. Grundlage der Erfassung sind in erster Linie eigene Beobachtungen, sowie Verfahren und Instrumente der Fachdiagnostik Bildung WfbM.<\/p>\n<p>Eine beobachtete oder abrufbare Kompetenz (tto; apo, bfo &amp; bbo) bedeutet das Vorhandensein des Merkmals.<\/p>\n<\/div>\n<\/div><\/div><\/div><div id=\"pgc-285-4-1\"  class=\"panel-grid-cell\" ><div id=\"panel-285-4-1-0\" class=\"so-panel widget widget_sow-headline panel-first-child\" data-index=\"9\" ><div\n\t\t\t\n\t\t\tclass=\"so-widget-sow-headline so-widget-sow-headline-default-ad713f3089ea-285\"\n\t\t\t\n\t\t><div class=\"sow-headline-container \">\n\t\t\t\t\t\t\t<h4 class=\"sow-headline\">\n\t\t\t\t\t\tMerkmale nach ICF\t\t\t\t\t\t<\/h4>\n\t\t\t\t\t\t\t\t\t\t\t<div class=\"decoration\">\n\t\t\t\t\t\t<div class=\"decoration-inside\"><\/div>\n\t\t\t\t\t<\/div>\n\t\t\t\t\t<\/div>\n<\/div><\/div><div id=\"panel-285-4-1-1\" class=\"so-panel widget widget_sow-hero panel-last-child\" data-index=\"10\" ><div\n\t\t\t\n\t\t\tclass=\"so-widget-sow-hero so-widget-sow-hero-default-1646a7212c93-285\"\n\t\t\t\n\t\t>\t\t\t\t<div class=\"sow-slider-base\" style=\"display: none\" tabindex=\"0\">\n\t\t\t\t\t<ul\n\t\t\t\t\tclass=\"sow-slider-images\"\n\t\t\t\t\tdata-settings=\"{&quot;pagination&quot;:true,&quot;speed&quot;:800,&quot;timeout&quot;:8000,&quot;paused&quot;:true,&quot;pause_on_hover&quot;:false,&quot;swipe&quot;:false,&quot;nav_always_show_desktop&quot;:&quot;&quot;,&quot;nav_always_show_mobile&quot;:&quot;&quot;,&quot;breakpoint&quot;:&quot;780px&quot;,&quot;unmute&quot;:false,&quot;anchor&quot;:null}\"\n\t\t\t\t\t\t\t\t\t\tdata-anchor-id=\"\"\n\t\t\t\t>\t\t<li class=\"sow-slider-image\" style=\"visibility: visible;;background-color: #ffffff\" >\n\t\t\t\t\t<div class=\"sow-slider-image-container\">\n\t\t\t<div class=\"sow-slider-image-wrapper\">\n\t\t\t\t<p>allgemeine Bef\u00e4higung (abf)<br \/>\n0 \u2013 Kein Problem hei\u00dft, dass die Person keine Schwierigkeiten hat.\n<\/p>\n<p>berufsbildorientiert \u2013 bbo<br \/>\n1 \u2013 Leichtes Problem hei\u00dft, dass eine Schwierigkeit weniger als der Zeit mit einer Intensit\u00e4t vorliegt, die die Person tolerieren kann und das in den letzten 30 Tagen selten auftrat.\n<\/p>\n<p>berufsfeldorientiert \u2013 bfo<br \/>\n2 \u2013 M\u00e4\u00dfiges Problem hei\u00dft, dass eine Schwierigkeit weniger als der Zeit mit einer Intensit\u00e4t vorliegt, die die Person in ihrer t\u00e4glichen Lebensf\u00fchrung st\u00f6rt und das in den letzten 30 Tagen h\u00e4ufig auftrat.\n<\/p>\n<p>arbeitsplatzorientiert \u2013 apo<br \/>\n3 \u2013 Erhebliches Problem hei\u00dft, dass eine Schwierigkeit mehr als der Zeit mit einer Intensit\u00e4t vorliegt, die die t\u00e4gliche Lebensf\u00fchrung der Person teilweise unterbricht, und das in den letzten 30 Tagen h\u00e4ufig auftrat.<\/p>\n<p>t\u00e4tigkeitsorientiert \u2013 tto<br \/>\n4 \u2013 Vollst\u00e4ndiges Problem hei\u00dft, dass eine Schwierigkeit mehr als der Zeit mit einer Intensit\u00e4t vorliegt, die die t\u00e4gliche Lebensf\u00fchrung der Person vollst\u00e4ndig unterbricht, und das t\u00e4glich in den letzten 30 Tagen auftrat.<\/p>\n\t\t\t<\/div>\n\t\t<\/div>\n\t\t\t\t<\/li>\n\t\t<\/ul>\t\t\t\t<ol class=\"sow-slider-pagination\">\n\t\t\t\t\t\t\t\t\t\t\t<li><a href=\"#\" data-goto=\"0\" aria-label=\"Display slide 1\"><\/a><\/li>\n\t\t\t\t\t\t\t\t\t<\/ol>\n\n\t\t\t\t<div class=\"sow-slide-nav sow-slide-nav-next\">\n\t\t\t\t\t<a href=\"#\" data-goto=\"next\" aria-label=\"Next slide\" data-action=\"next\">\n\t\t\t\t\t\t<em class=\"sow-sld-icon-thin-right\"><\/em>\n\t\t\t\t\t<\/a>\n\t\t\t\t<\/div>\n\n\t\t\t\t<div class=\"sow-slide-nav sow-slide-nav-prev\">\n\t\t\t\t\t<a href=\"#\" data-goto=\"previous\" aria-label=\"Previous slide\" data-action=\"prev\">\n\t\t\t\t\t\t<em class=\"sow-sld-icon-thin-left\"><\/em>\n\t\t\t\t\t<\/a>\n\t\t\t\t<\/div>\n\t\t\t\t<\/div><\/div><\/div><\/div><\/div><\/div>","protected":false},"excerpt":{"rendered":"<p>Lernen in der Arbeit ist eine Methode, die konsequent das Lernen in den Arbeitsprozessen in den Mittelpunkt stellt und nicht das Lernen, welches au\u00dferhalb der Arbeit auf das Arbeiten vorbereitet. Die Methode geht \u00fcber die Handlungsorientierung hinaus und weist auf Lernen in der Zukunft hin. Die Methode sieht vor, dass den Zubildenden Arbeitsaufgaben \u00fcbertragen werden,&hellip;&nbsp;<a href=\"https:\/\/ag-bb-wfbm.de\/?page_id=285\" rel=\"bookmark\">Weiterlesen &raquo;<span class=\"screen-reader-text\">METHODIK<\/span><\/a><\/p>\n","protected":false},"author":1,"featured_media":0,"parent":0,"menu_order":0,"comment_status":"closed","ping_status":"closed","template":"","meta":{"neve_meta_sidebar":"","neve_meta_container":"","neve_meta_enable_content_width":"off","neve_meta_content_width":100,"neve_meta_title_alignment":"","neve_meta_author_avatar":"","neve_post_elements_order":"","neve_meta_disable_header":"","neve_meta_disable_footer":"","neve_meta_disable_title":"","footnotes":""},"class_list":["post-285","page","type-page","status-publish","hentry"],"_links":{"self":[{"href":"https:\/\/ag-bb-wfbm.de\/index.php?rest_route=\/wp\/v2\/pages\/285","targetHints":{"allow":["GET"]}}],"collection":[{"href":"https:\/\/ag-bb-wfbm.de\/index.php?rest_route=\/wp\/v2\/pages"}],"about":[{"href":"https:\/\/ag-bb-wfbm.de\/index.php?rest_route=\/wp\/v2\/types\/page"}],"author":[{"embeddable":true,"href":"https:\/\/ag-bb-wfbm.de\/index.php?rest_route=\/wp\/v2\/users\/1"}],"replies":[{"embeddable":true,"href":"https:\/\/ag-bb-wfbm.de\/index.php?rest_route=%2Fwp%2Fv2%2Fcomments&post=285"}],"version-history":[{"count":19,"href":"https:\/\/ag-bb-wfbm.de\/index.php?rest_route=\/wp\/v2\/pages\/285\/revisions"}],"predecessor-version":[{"id":472,"href":"https:\/\/ag-bb-wfbm.de\/index.php?rest_route=\/wp\/v2\/pages\/285\/revisions\/472"}],"wp:attachment":[{"href":"https:\/\/ag-bb-wfbm.de\/index.php?rest_route=%2Fwp%2Fv2%2Fmedia&parent=285"}],"curies":[{"name":"wp","href":"https:\/\/api.w.org\/{rel}","templated":true}]}}