{"id":255,"date":"2022-05-03T00:00:30","date_gmt":"2022-05-02T22:00:30","guid":{"rendered":"https:\/\/ag-bb-wfbm.de\/?page_id=255"},"modified":"2022-05-16T22:35:19","modified_gmt":"2022-05-16T20:35:19","slug":"paedagogik","status":"publish","type":"page","link":"https:\/\/ag-bb-wfbm.de\/?page_id=255","title":{"rendered":"P\u00c4DAGOGIK"},"content":{"rendered":"<div id=\"pl-255\"  class=\"panel-layout\" ><div id=\"pg-255-0\"  class=\"panel-grid panel-no-style\" ><div id=\"pgc-255-0-0\"  class=\"panel-grid-cell\" ><div id=\"panel-255-0-0-0\" class=\"so-panel widget widget_sow-headline panel-first-child panel-last-child\" data-index=\"0\" ><div\n\t\t\t\n\t\t\tclass=\"so-widget-sow-headline so-widget-sow-headline-default-1ba5b2aa3112-255\"\n\t\t\t\n\t\t><div class=\"sow-headline-container \">\n\t\t\t\t\t\t\t<h2 class=\"sow-headline\">\n\t\t\t\t\t\tBildungspl\u00e4ne der AG\t\t\t\t\t\t<\/h2>\n\t\t\t\t\t\t\t\t\t\t\t<div class=\"decoration\">\n\t\t\t\t\t\t<div class=\"decoration-inside\"><\/div>\n\t\t\t\t\t<\/div>\n\t\t\t\t\t<\/div>\n<\/div><\/div><\/div><\/div><div id=\"pg-255-1\"  class=\"panel-grid panel-no-style\" ><div id=\"pgc-255-1-0\"  class=\"panel-grid-cell\" ><div id=\"panel-255-1-0-0\" class=\"so-panel widget widget_sow-icon panel-first-child panel-last-child\" data-index=\"1\" ><div\n\t\t\t\n\t\t\tclass=\"so-widget-sow-icon so-widget-sow-icon-default-6a5f6a0773ce-255\"\n\t\t\t\n\t\t>\n<div class=\"sow-icon-container sow-icon\">\n\t\t\t<span class=\"sow-icon-icomoon\" data-sow-icon=\"&#xea10;\"\n\t\t \n\t\taria-hidden=\"true\"><\/span>\t<\/div>\n<\/div><\/div><\/div><div id=\"pgc-255-1-1\"  class=\"panel-grid-cell\" ><div id=\"panel-255-1-1-0\" class=\"so-panel widget widget_sow-editor panel-first-child panel-last-child\" data-index=\"2\" ><div\n\t\t\t\n\t\t\tclass=\"so-widget-sow-editor so-widget-sow-editor-base\"\n\t\t\t\n\t\t>\n<div class=\"siteorigin-widget-tinymce textwidget\">\n\t<p>Unsere Bildungsbausteine k\u00f6nnen dazu beitragen, individuelle Bildungspotenziale zu erschlie\u00dfen und vorhandene Qualifkationen mit Blick auf die Erfordernisse des Arbeitsmarktes auszubauen.<\/p>\n<\/div>\n<\/div><\/div><\/div><\/div><div id=\"pg-255-2\"  class=\"panel-grid panel-no-style\" ><div id=\"pgc-255-2-0\"  class=\"panel-grid-cell\" ><div id=\"panel-255-2-0-0\" class=\"so-panel widget widget_sow-icon panel-first-child panel-last-child\" data-index=\"3\" ><div\n\t\t\t\n\t\t\tclass=\"so-widget-sow-icon so-widget-sow-icon-default-6a5f6a0773ce-255\"\n\t\t\t\n\t\t>\n<div class=\"sow-icon-container sow-icon\">\n\t\t\t<span class=\"sow-icon-icomoon\" data-sow-icon=\"&#xea10;\"\n\t\t \n\t\taria-hidden=\"true\"><\/span>\t<\/div>\n<\/div><\/div><\/div><div id=\"pgc-255-2-1\"  class=\"panel-grid-cell\" ><div id=\"panel-255-2-1-0\" class=\"so-panel widget widget_sow-editor panel-first-child panel-last-child\" data-index=\"4\" ><div\n\t\t\t\n\t\t\tclass=\"so-widget-sow-editor so-widget-sow-editor-base\"\n\t\t\t\n\t\t>\n<div class=\"siteorigin-widget-tinymce textwidget\">\n\t<p>Durch unsere gestalteten Bildungsbausteine Power Point Pr\u00e4sentationen und weitere digitale Medien k\u00f6nnen diese Menschen auf Lernangebote zur\u00fcckgreifen, die ihnen ansonsten nicht zur Verf\u00fcgung st\u00fcnden.<\/p>\n<\/div>\n<\/div><\/div><\/div><\/div><div id=\"pg-255-3\"  class=\"panel-grid panel-no-style\" ><div id=\"pgc-255-3-0\"  class=\"panel-grid-cell\" ><div id=\"panel-255-3-0-0\" class=\"so-panel widget widget_sow-icon panel-first-child panel-last-child\" data-index=\"5\" ><div\n\t\t\t\n\t\t\tclass=\"so-widget-sow-icon so-widget-sow-icon-default-6a5f6a0773ce-255\"\n\t\t\t\n\t\t>\n<div class=\"sow-icon-container sow-icon\">\n\t\t\t<span class=\"sow-icon-icomoon\" data-sow-icon=\"&#xea10;\"\n\t\t \n\t\taria-hidden=\"true\"><\/span>\t<\/div>\n<\/div><\/div><\/div><div id=\"pgc-255-3-1\"  class=\"panel-grid-cell\" ><div id=\"panel-255-3-1-0\" class=\"so-panel widget widget_sow-editor panel-first-child panel-last-child\" data-index=\"6\" ><div\n\t\t\t\n\t\t\tclass=\"so-widget-sow-editor so-widget-sow-editor-base\"\n\t\t\t\n\t\t>\n<div class=\"siteorigin-widget-tinymce textwidget\">\n\t<p>Das Lernen mit Bildungsbausteinen weist eine hohe zeitliche und r\u00e4umliche Flexibilit\u00e4t auf. Sie erm\u00f6glichen es, Bildungsangebote an besondere visuelle, auditive und haptische Bed\u00fcrfnisse&nbsp; anzupassen.<br \/>\nDiese Eigenschaft macht sie f\u00fcr den Lehr- und Lernprozess von Menschen mit k\u00f6rperlichen, geistigen oder Sinnes-Behinderungen besonders wertvoll.<\/p>\n<\/div>\n<\/div><\/div><\/div><\/div><div id=\"pg-255-4\"  class=\"panel-grid panel-no-style\" ><div id=\"pgc-255-4-0\"  class=\"panel-grid-cell\" ><div id=\"panel-255-4-0-0\" class=\"so-panel widget widget_sow-icon panel-first-child panel-last-child\" data-index=\"7\" ><div\n\t\t\t\n\t\t\tclass=\"so-widget-sow-icon so-widget-sow-icon-default-6a5f6a0773ce-255\"\n\t\t\t\n\t\t>\n<div class=\"sow-icon-container sow-icon\">\n\t\t\t<span class=\"sow-icon-icomoon\" data-sow-icon=\"&#xea10;\"\n\t\t \n\t\taria-hidden=\"true\"><\/span>\t<\/div>\n<\/div><\/div><\/div><div id=\"pgc-255-4-1\"  class=\"panel-grid-cell\" ><div id=\"panel-255-4-1-0\" class=\"so-panel widget widget_sow-editor panel-first-child panel-last-child\" data-index=\"8\" ><div\n\t\t\t\n\t\t\tclass=\"so-widget-sow-editor so-widget-sow-editor-base\"\n\t\t\t\n\t\t>\n<div class=\"siteorigin-widget-tinymce textwidget\">\n\t<p>Personenzentrierte Binnendifferenzierte Bildungsbausteine k\u00f6nnen helfen, existierende H\u00fcrden beim \u00dcbergang von Schule zum Beruf zu \u00fcberwinden und bei der Gewinnung neuer beruflicher Perspektiven f\u00fcr Menschen mit Behinderungen mitzuwirken.<\/p>\n<\/div>\n<\/div><\/div><\/div><\/div><div id=\"pg-255-5\"  class=\"panel-grid panel-no-style\" ><div id=\"pgc-255-5-0\"  class=\"panel-grid-cell\" ><div id=\"panel-255-5-0-0\" class=\"so-panel widget widget_sow-icon panel-first-child panel-last-child\" data-index=\"9\" ><div\n\t\t\t\n\t\t\tclass=\"so-widget-sow-icon so-widget-sow-icon-default-6a5f6a0773ce-255\"\n\t\t\t\n\t\t>\n<div class=\"sow-icon-container sow-icon\">\n\t\t\t<span class=\"sow-icon-icomoon\" data-sow-icon=\"&#xea10;\"\n\t\t \n\t\taria-hidden=\"true\"><\/span>\t<\/div>\n<\/div><\/div><\/div><div id=\"pgc-255-5-1\"  class=\"panel-grid-cell\" ><div id=\"panel-255-5-1-0\" class=\"so-panel widget widget_sow-editor panel-first-child panel-last-child\" data-index=\"10\" ><div\n\t\t\t\n\t\t\tclass=\"so-widget-sow-editor so-widget-sow-editor-base\"\n\t\t\t\n\t\t>\n<div class=\"siteorigin-widget-tinymce textwidget\">\n\t<p>Bildungsbausteine erweitern das Kompetenzproil und er\u00f6ffnen somit Partizipationsm\u00f6glichkeiten in wirtschaftlicher und sozialer Hinsicht.<\/p>\n<\/div>\n<\/div><\/div><\/div><\/div><div id=\"pg-255-6\"  class=\"panel-grid panel-no-style\" ><div id=\"pgc-255-6-0\"  class=\"panel-grid-cell\" ><div id=\"panel-255-6-0-0\" class=\"so-panel widget widget_sow-icon panel-first-child panel-last-child\" data-index=\"11\" ><div\n\t\t\t\n\t\t\tclass=\"so-widget-sow-icon so-widget-sow-icon-default-6a5f6a0773ce-255\"\n\t\t\t\n\t\t>\n<div class=\"sow-icon-container sow-icon\">\n\t\t\t<span class=\"sow-icon-icomoon\" data-sow-icon=\"&#xea10;\"\n\t\t \n\t\taria-hidden=\"true\"><\/span>\t<\/div>\n<\/div><\/div><\/div><div id=\"pgc-255-6-1\"  class=\"panel-grid-cell\" ><div id=\"panel-255-6-1-0\" class=\"so-panel widget widget_sow-editor panel-first-child panel-last-child\" data-index=\"12\" ><div\n\t\t\t\n\t\t\tclass=\"so-widget-sow-editor so-widget-sow-editor-base\"\n\t\t\t\n\t\t>\n<div class=\"siteorigin-widget-tinymce textwidget\">\n\t<p>Mit unserem Produkt in der beruflichen Bildung sollen Menschen mit Behinderungen durch den innovativen Einsatz dieser Medien beim Erlernen und langfristigen Aus\u00fcben einer beruflichen T\u00e4tigkeit unterst\u00fctzt werden.<\/p>\n<\/div>\n<\/div><\/div><\/div><\/div><div id=\"pg-255-7\"  class=\"panel-grid panel-no-style\" ><div id=\"pgc-255-7-0\"  class=\"panel-grid-cell\" ><div id=\"panel-255-7-0-0\" class=\"so-panel widget widget_sow-headline panel-first-child panel-last-child\" data-index=\"13\" ><div\n\t\t\t\n\t\t\tclass=\"so-widget-sow-headline so-widget-sow-headline-default-1ba5b2aa3112-255\"\n\t\t\t\n\t\t><div class=\"sow-headline-container \">\n\t\t\t\t\t\t\t<h2 class=\"sow-headline\">\n\t\t\t\t\t\tAufbau der Bildungsbausteine\t\t\t\t\t\t<\/h2>\n\t\t\t\t\t\t\t\t\t\t\t<div class=\"decoration\">\n\t\t\t\t\t\t<div class=\"decoration-inside\"><\/div>\n\t\t\t\t\t<\/div>\n\t\t\t\t\t<\/div>\n<\/div><\/div><\/div><\/div><div id=\"pg-255-8\"  class=\"panel-grid panel-no-style\" ><div id=\"pgc-255-8-0\"  class=\"panel-grid-cell\" ><div id=\"panel-255-8-0-0\" class=\"so-panel widget widget_sow-editor panel-first-child panel-last-child\" data-index=\"14\" ><div\n\t\t\t\n\t\t\tclass=\"so-widget-sow-editor so-widget-sow-editor-base\"\n\t\t\t\n\t\t>\n<div class=\"siteorigin-widget-tinymce textwidget\">\n\t<p>Jeder unserer Bildungsbausteine ist wie folgt aufgebaut:<\/p>\n<p>1. Abschnitt \u2013 Informationen f\u00fcr die Fachkraft<\/p>\n<p>2. Abschnitt \u2013 Informationen f\u00fcr den Teilnehmer<\/p>\n<p>3. Abschnitt \u2013 Vorlagen zur gemeinsamen Auswertung inkl. Lernzielkontrolle<\/p>\n<p>Alle Bildungsbausteine sind Bestandteil eines von 14 binnendifferenzierten Rahmenpl\u00e4nen, welche 13 Berufsfelder und sogenannte Grundmodule umfassen.<\/p>\n<p>Durch m\u00f6glichst kleinschrittige und mit aussagekr\u00e4ftigen Illustrationen und Fotomaterial verst\u00e4ndlich erkl\u00e4rte Folien wird der Fachkraft ein f\u00fcr jeden Teilnehmertyp anpassbares Lerninstrument zur Verf\u00fcgung gestellt.<\/p>\n<p>Die Folien sind animiert, was den Teilnehmern selbst das eigenst\u00e4ndige Erlernen von Bildungsinhalten erm\u00f6glicht.<\/p>\n<\/div>\n<\/div><\/div><\/div><div id=\"pgc-255-8-1\"  class=\"panel-grid-cell\" ><div id=\"panel-255-8-1-0\" class=\"so-panel widget widget_sow-image panel-first-child panel-last-child\" data-index=\"15\" ><div\n\t\t\t\n\t\t\tclass=\"so-widget-sow-image so-widget-sow-image-default-8b5b6f678277-255\"\n\t\t\t\n\t\t>\n<div class=\"sow-image-container\">\n\t\t<img \n\tsrc=\"https:\/\/ag-bb-wfbm.de\/wp-content\/uploads\/2022\/05\/cropped-Bild_2020-11-24_043454.png\" width=\"295\" height=\"295\" srcset=\"https:\/\/ag-bb-wfbm.de\/wp-content\/uploads\/2022\/05\/cropped-Bild_2020-11-24_043454.png 295w, https:\/\/ag-bb-wfbm.de\/wp-content\/uploads\/2022\/05\/cropped-Bild_2020-11-24_043454-100x100.png 100w, https:\/\/ag-bb-wfbm.de\/wp-content\/uploads\/2022\/05\/cropped-Bild_2020-11-24_043454-150x150.png 150w\" sizes=\"(max-width: 295px) 100vw, 295px\" alt=\"\" \t\tclass=\"so-widget-image\"\/>\n\t<\/div>\n\n<\/div><\/div><\/div><\/div><div id=\"pg-255-9\"  class=\"panel-grid panel-no-style\" ><div id=\"pgc-255-9-0\"  class=\"panel-grid-cell\" ><div id=\"panel-255-9-0-0\" class=\"so-panel widget widget_sow-headline panel-first-child panel-last-child\" data-index=\"16\" ><div\n\t\t\t\n\t\t\tclass=\"so-widget-sow-headline so-widget-sow-headline-default-1ba5b2aa3112-255\"\n\t\t\t\n\t\t><div class=\"sow-headline-container \">\n\t\t\t\t\t\t\t<h2 class=\"sow-headline\">\n\t\t\t\t\t\tBeispiele\t\t\t\t\t\t<\/h2>\n\t\t\t\t\t\t\t\t\t\t\t<div class=\"decoration\">\n\t\t\t\t\t\t<div class=\"decoration-inside\"><\/div>\n\t\t\t\t\t<\/div>\n\t\t\t\t\t<\/div>\n<\/div><\/div><\/div><\/div><div id=\"pg-255-10\"  class=\"panel-grid panel-no-style\" ><div id=\"pgc-255-10-0\"  class=\"panel-grid-cell\" ><div id=\"panel-255-10-0-0\" class=\"so-panel widget widget_sow-image panel-first-child\" data-index=\"17\" ><div\n\t\t\t\n\t\t\tclass=\"so-widget-sow-image so-widget-sow-image-default-49681edeb466-255\"\n\t\t\t\n\t\t>\n<div class=\"sow-image-container\">\n\t\t\t<a href=\"https:\/\/ag-bb-wfbm.de\/wp-content\/uploads\/2022\/05\/GM-5-BB-0044-Hygiene-Verhaltensregeln-in-Zeiten-der-Corona-Pandemie.pps\"\n\t\t\t\t\t>\n\t\t\t<img \n\tsrc=\"https:\/\/ag-bb-wfbm.de\/wp-content\/uploads\/2022\/05\/cropped-cropped-cropped-Bild_2020-11-24_044035-1.png\" width=\"94\" height=\"94\" sizes=\"(max-width: 94px) 100vw, 94px\" alt=\"\" \t\tclass=\"so-widget-image\"\/>\n\t\t\t<\/a><\/div>\n\n<\/div><\/div><div id=\"panel-255-10-0-1\" class=\"so-panel widget widget_sow-editor panel-last-child\" data-index=\"18\" ><div class=\"panel-widget-style panel-widget-style-for-255-10-0-1\" ><div\n\t\t\t\n\t\t\tclass=\"so-widget-sow-editor so-widget-sow-editor-base\"\n\t\t\t\n\t\t>\n<div class=\"siteorigin-widget-tinymce textwidget\">\n\t<p>Grundmodul<br \/>\nGM 05 0044<br \/>\nHygiene Verhaltensregeln in Zeiten der Corona Pandemie<\/p>\n<\/div>\n<\/div><\/div><\/div><\/div><div id=\"pgc-255-10-1\"  class=\"panel-grid-cell\" ><div id=\"panel-255-10-1-0\" class=\"so-panel widget widget_sow-image panel-first-child\" data-index=\"19\" ><div\n\t\t\t\n\t\t\tclass=\"so-widget-sow-image so-widget-sow-image-default-49681edeb466-255\"\n\t\t\t\n\t\t>\n<div class=\"sow-image-container\">\n\t\t\t<a href=\"https:\/\/ag-bb-wfbm.de\/wp-content\/uploads\/2022\/05\/GM-21-BB-0018-Haende-desinfizieren.pps\"\n\t\t\t\t\t>\n\t\t\t<img \n\tsrc=\"https:\/\/ag-bb-wfbm.de\/wp-content\/uploads\/2022\/05\/cropped-cropped-cropped-Bild_2020-11-24_044035-1.png\" width=\"94\" height=\"94\" sizes=\"(max-width: 94px) 100vw, 94px\" alt=\"\" \t\tclass=\"so-widget-image\"\/>\n\t\t\t<\/a><\/div>\n\n<\/div><\/div><div id=\"panel-255-10-1-1\" class=\"so-panel widget widget_sow-editor panel-last-child\" data-index=\"20\" ><div class=\"panel-widget-style panel-widget-style-for-255-10-1-1\" ><div\n\t\t\t\n\t\t\tclass=\"so-widget-sow-editor so-widget-sow-editor-base\"\n\t\t\t\n\t\t>\n<div class=\"siteorigin-widget-tinymce textwidget\">\n\t<p>Grundmodul<br \/>\nGM 21 0018<br \/>\nH\u00e4nde desinfizieren<\/p>\n<\/div>\n<\/div><\/div><\/div><\/div><div id=\"pgc-255-10-2\"  class=\"panel-grid-cell\" ><div id=\"panel-255-10-2-0\" class=\"so-panel widget widget_sow-image panel-first-child\" data-index=\"21\" ><div\n\t\t\t\n\t\t\tclass=\"so-widget-sow-image so-widget-sow-image-default-49681edeb466-255\"\n\t\t\t\n\t\t>\n<div class=\"sow-image-container\">\n\t\t\t<a href=\"https:\/\/ag-bb-wfbm.de\/wp-content\/uploads\/2022\/05\/GM-24-BB-0011-Sonnenstich.pps\"\n\t\t\t\t\t>\n\t\t\t<img \n\tsrc=\"https:\/\/ag-bb-wfbm.de\/wp-content\/uploads\/2022\/05\/cropped-cropped-cropped-Bild_2020-11-24_044035-1.png\" width=\"94\" height=\"94\" sizes=\"(max-width: 94px) 100vw, 94px\" alt=\"\" \t\tclass=\"so-widget-image\"\/>\n\t\t\t<\/a><\/div>\n\n<\/div><\/div><div id=\"panel-255-10-2-1\" class=\"so-panel widget widget_sow-editor panel-last-child\" data-index=\"22\" ><div class=\"panel-widget-style panel-widget-style-for-255-10-2-1\" ><div\n\t\t\t\n\t\t\tclass=\"so-widget-sow-editor so-widget-sow-editor-base\"\n\t\t\t\n\t\t>\n<div class=\"siteorigin-widget-tinymce textwidget\">\n\t<p>Grundmodul<br \/>\nGM 24 BB 0011<br \/>\nSonnenstich<\/p>\n<\/div>\n<\/div><\/div><\/div><\/div><div id=\"pgc-255-10-3\"  class=\"panel-grid-cell\" ><div id=\"panel-255-10-3-0\" class=\"so-panel widget widget_sow-image panel-first-child\" data-index=\"23\" ><div\n\t\t\t\n\t\t\tclass=\"so-widget-sow-image so-widget-sow-image-default-49681edeb466-255\"\n\t\t\t\n\t\t>\n<div class=\"sow-image-container\">\n\t\t\t<a href=\"https:\/\/ag-bb-wfbm.de\/wp-content\/uploads\/2022\/05\/GM-5b-BB-1002-Hygiene-persoenliche-Koerperpflege.pps\"\n\t\t\t\t\t>\n\t\t\t<img \n\tsrc=\"https:\/\/ag-bb-wfbm.de\/wp-content\/uploads\/2022\/05\/cropped-cropped-cropped-Bild_2020-11-24_044035-1.png\" width=\"94\" height=\"94\" sizes=\"(max-width: 94px) 100vw, 94px\" alt=\"\" \t\tclass=\"so-widget-image\"\/>\n\t\t\t<\/a><\/div>\n\n<\/div><\/div><div id=\"panel-255-10-3-1\" class=\"so-panel widget widget_sow-editor panel-last-child\" data-index=\"24\" ><div class=\"panel-widget-style panel-widget-style-for-255-10-3-1\" ><div\n\t\t\t\n\t\t\tclass=\"so-widget-sow-editor so-widget-sow-editor-base\"\n\t\t\t\n\t\t>\n<div class=\"siteorigin-widget-tinymce textwidget\">\n\t<p>Grundmodul<br \/>\nGM 5b BB 1002<br \/>\nHygiene pers\u00f6nliche K\u00f6rperpflege<\/p>\n<\/div>\n<\/div><\/div><\/div><\/div><\/div><div id=\"pg-255-11\"  class=\"panel-grid panel-no-style\" ><div id=\"pgc-255-11-0\"  class=\"panel-grid-cell\" ><div id=\"panel-255-11-0-0\" class=\"so-panel widget widget_sow-image panel-first-child\" data-index=\"25\" ><div\n\t\t\t\n\t\t\tclass=\"so-widget-sow-image so-widget-sow-image-default-49681edeb466-255\"\n\t\t\t\n\t\t>\n<div class=\"sow-image-container\">\n\t\t\t<a href=\"https:\/\/ag-bb-wfbm.de\/wp-content\/uploads\/2022\/05\/Druckerei-WM-0011d-BB-0002-Binden_eines_Buches_mit_Spiralbindung_DIN-A4.pps\"\n\t\t\t\t\t>\n\t\t\t<img \n\tsrc=\"https:\/\/ag-bb-wfbm.de\/wp-content\/uploads\/2022\/05\/cropped-cropped-cropped-Bild_2020-11-24_044035-1.png\" width=\"94\" height=\"94\" sizes=\"(max-width: 94px) 100vw, 94px\" alt=\"\" \t\tclass=\"so-widget-image\"\/>\n\t\t\t<\/a><\/div>\n\n<\/div><\/div><div id=\"panel-255-11-0-1\" class=\"so-panel widget widget_sow-editor panel-last-child\" data-index=\"26\" ><div class=\"panel-widget-style panel-widget-style-for-255-11-0-1\" ><div\n\t\t\t\n\t\t\tclass=\"so-widget-sow-editor so-widget-sow-editor-base\"\n\t\t\t\n\t\t>\n<div class=\"siteorigin-widget-tinymce textwidget\">\n\t<p>Druckerei<br \/>\nWM 0011d BB 0002<br \/>\nBinden_eines_Buches_mit_Spiralbindung_DIN A4<\/p>\n<\/div>\n<\/div><\/div><\/div><\/div><div id=\"pgc-255-11-1\"  class=\"panel-grid-cell\" ><div id=\"panel-255-11-1-0\" class=\"so-panel widget widget_sow-image panel-first-child\" data-index=\"27\" ><div\n\t\t\t\n\t\t\tclass=\"so-widget-sow-image so-widget-sow-image-default-49681edeb466-255\"\n\t\t\t\n\t\t>\n<div class=\"sow-image-container\">\n\t\t\t<a href=\"https:\/\/ag-bb-wfbm.de\/wp-content\/uploads\/2022\/05\/Elektro-WM-0003-BB-0002-Kennenlernen-der-Loetstation-apo.pps\"\n\t\t\t\t\t>\n\t\t\t<img \n\tsrc=\"https:\/\/ag-bb-wfbm.de\/wp-content\/uploads\/2022\/05\/cropped-cropped-cropped-Bild_2020-11-24_044035-1.png\" width=\"94\" height=\"94\" sizes=\"(max-width: 94px) 100vw, 94px\" alt=\"\" \t\tclass=\"so-widget-image\"\/>\n\t\t\t<\/a><\/div>\n\n<\/div><\/div><div id=\"panel-255-11-1-1\" class=\"so-panel widget widget_sow-editor panel-last-child\" data-index=\"28\" ><div class=\"panel-widget-style panel-widget-style-for-255-11-1-1\" ><div\n\t\t\t\n\t\t\tclass=\"so-widget-sow-editor so-widget-sow-editor-base\"\n\t\t\t\n\t\t>\n<div class=\"siteorigin-widget-tinymce textwidget\">\n\t<p>Elektro<br \/>\nWM 0003 BB 0002<br \/>\nKennenlernen der L\u00f6tstation<\/p>\n<\/div>\n<\/div><\/div><\/div><\/div><div id=\"pgc-255-11-2\"  class=\"panel-grid-cell\" ><div id=\"panel-255-11-2-0\" class=\"so-panel widget widget_sow-image panel-first-child\" data-index=\"29\" ><div\n\t\t\t\n\t\t\tclass=\"so-widget-sow-image so-widget-sow-image-default-49681edeb466-255\"\n\t\t\t\n\t\t>\n<div class=\"sow-image-container\">\n\t\t\t<a href=\"https:\/\/ag-bb-wfbm.de\/wp-content\/uploads\/2022\/05\/GALA-WM-00d-BB-0007-Baerlauch.pps\"\n\t\t\t\t\t>\n\t\t\t<img \n\tsrc=\"https:\/\/ag-bb-wfbm.de\/wp-content\/uploads\/2022\/05\/cropped-cropped-cropped-Bild_2020-11-24_044035-1.png\" width=\"94\" height=\"94\" sizes=\"(max-width: 94px) 100vw, 94px\" alt=\"\" \t\tclass=\"so-widget-image\"\/>\n\t\t\t<\/a><\/div>\n\n<\/div><\/div><div id=\"panel-255-11-2-1\" class=\"so-panel widget widget_sow-editor panel-last-child\" data-index=\"30\" ><div class=\"panel-widget-style panel-widget-style-for-255-11-2-1\" ><div\n\t\t\t\n\t\t\tclass=\"so-widget-sow-editor so-widget-sow-editor-base\"\n\t\t\t\n\t\t>\n<div class=\"siteorigin-widget-tinymce textwidget\">\n\t<p>GALA<br \/>\nWM 00d BB 0007<br \/>\nB\u00e4rlauch<\/p>\n<\/div>\n<\/div><\/div><\/div><\/div><div id=\"pgc-255-11-3\"  class=\"panel-grid-cell\" ><div id=\"panel-255-11-3-0\" class=\"so-panel widget widget_sow-image panel-first-child\" data-index=\"31\" ><div\n\t\t\t\n\t\t\tclass=\"so-widget-sow-image so-widget-sow-image-default-49681edeb466-255\"\n\t\t\t\n\t\t>\n<div class=\"sow-image-container\">\n\t\t\t<a href=\"https:\/\/ag-bb-wfbm.de\/wp-content\/uploads\/2022\/05\/GALA-WM-09d-BB-0033-Heckenschere-Wartung-und-Pflege.pps\"\n\t\t\t\t\t>\n\t\t\t<img \n\tsrc=\"https:\/\/ag-bb-wfbm.de\/wp-content\/uploads\/2022\/05\/cropped-cropped-cropped-Bild_2020-11-24_044035-1.png\" width=\"94\" height=\"94\" sizes=\"(max-width: 94px) 100vw, 94px\" alt=\"\" \t\tclass=\"so-widget-image\"\/>\n\t\t\t<\/a><\/div>\n\n<\/div><\/div><div id=\"panel-255-11-3-1\" class=\"so-panel widget widget_sow-editor panel-last-child\" data-index=\"32\" ><div class=\"panel-widget-style panel-widget-style-for-255-11-3-1\" ><div\n\t\t\t\n\t\t\tclass=\"so-widget-sow-editor so-widget-sow-editor-base\"\n\t\t\t\n\t\t>\n<div class=\"siteorigin-widget-tinymce textwidget\">\n\t<p>GALA<br \/>\nWM 09d BB 0033<br \/>\nHeckenschere \u2013 Wartung und Pflege<\/p>\n<\/div>\n<\/div><\/div><\/div><\/div><\/div><div id=\"pg-255-12\"  class=\"panel-grid panel-no-style\" ><div id=\"pgc-255-12-0\"  class=\"panel-grid-cell\" ><div id=\"panel-255-12-0-0\" class=\"so-panel widget widget_sow-editor panel-first-child panel-last-child\" data-index=\"33\" ><div class=\"panel-widget-style panel-widget-style-for-255-12-0-0\" ><div\n\t\t\t\n\t\t\tclass=\"so-widget-sow-editor so-widget-sow-editor-base\"\n\t\t\t\n\t\t>\n<div class=\"siteorigin-widget-tinymce textwidget\">\n\t<p>&nbsp;<\/p>\n<\/div>\n<\/div><\/div><\/div><\/div><\/div><\/div>","protected":false},"excerpt":{"rendered":"<p>Unsere Bildungsbausteine k\u00f6nnen dazu beitragen, individuelle Bildungspotenziale zu erschlie\u00dfen und vorhandene Qualifkationen mit Blick auf die Erfordernisse des Arbeitsmarktes auszubauen.<\/p>\n","protected":false},"author":1,"featured_media":0,"parent":0,"menu_order":0,"comment_status":"closed","ping_status":"closed","template":"","meta":{"neve_meta_sidebar":"","neve_meta_container":"","neve_meta_enable_content_width":"off","neve_meta_content_width":100,"neve_meta_title_alignment":"","neve_meta_author_avatar":"","neve_post_elements_order":"","neve_meta_disable_header":"","neve_meta_disable_footer":"","neve_meta_disable_title":"","footnotes":""},"class_list":["post-255","page","type-page","status-publish","hentry"],"_links":{"self":[{"href":"https:\/\/ag-bb-wfbm.de\/index.php?rest_route=\/wp\/v2\/pages\/255","targetHints":{"allow":["GET"]}}],"collection":[{"href":"https:\/\/ag-bb-wfbm.de\/index.php?rest_route=\/wp\/v2\/pages"}],"about":[{"href":"https:\/\/ag-bb-wfbm.de\/index.php?rest_route=\/wp\/v2\/types\/page"}],"author":[{"embeddable":true,"href":"https:\/\/ag-bb-wfbm.de\/index.php?rest_route=\/wp\/v2\/users\/1"}],"replies":[{"embeddable":true,"href":"https:\/\/ag-bb-wfbm.de\/index.php?rest_route=%2Fwp%2Fv2%2Fcomments&post=255"}],"version-history":[{"count":18,"href":"https:\/\/ag-bb-wfbm.de\/index.php?rest_route=\/wp\/v2\/pages\/255\/revisions"}],"predecessor-version":[{"id":452,"href":"https:\/\/ag-bb-wfbm.de\/index.php?rest_route=\/wp\/v2\/pages\/255\/revisions\/452"}],"wp:attachment":[{"href":"https:\/\/ag-bb-wfbm.de\/index.php?rest_route=%2Fwp%2Fv2%2Fmedia&parent=255"}],"curies":[{"name":"wp","href":"https:\/\/api.w.org\/{rel}","templated":true}]}}